{"id":82,"date":"2025-09-30T15:50:39","date_gmt":"2025-09-30T15:50:39","guid":{"rendered":"https:\/\/www.ahomewithart.com\/?page_id=82"},"modified":"2026-01-28T09:47:39","modified_gmt":"2026-01-28T09:47:39","slug":"nos-maisons","status":"publish","type":"page","link":"https:\/\/www.ahomewithart.com\/en\/","title":{"rendered":"Our properties"},"content":{"rendered":"<p>[et_pb_section fb_built=\u00a0\u00bb1&Prime; _builder_version=\u00a0\u00bb4.27.4&Prime; _module_preset=\u00a0\u00bbdefault\u00a0\u00bb custom_margin=\u00a0\u00bb||72px||false|false\u00a0\u00bb custom_padding=\u00a0\u00bb19px||24px||false|false\u00a0\u00bb global_colors_info=\u00a0\u00bb{}\u00a0\u00bb][et_pb_row column_structure=\u00a0\u00bb1_2,1_2&Prime; _builder_version=\u00a0\u00bb4.27.4&Prime; _module_preset=\u00a0\u00bbdefault\u00a0\u00bb width=\u00a0\u00bb100%\u00a0\u00bb max_width=\u00a0\u00bb1200px\u00a0\u00bb global_colors_info=\u00a0\u00bb{}\u00a0\u00bb][et_pb_column type=\u00a0\u00bb1_2&Prime; _builder_version=\u00a0\u00bb4.27.4&Prime; _dynamic_attributes=\u00a0\u00bblink_option_url\u00a0\u00bb _module_preset=\u00a0\u00bbdefault\u00a0\u00bb background_image=\u00a0\u00bbhttps:\/\/www.ahomewithart.com\/wp-content\/uploads\/2025\/10\/OFrynos-A-Home-With-Art-Grece.jpeg\u00a0\u00bb custom_padding=\u00a0\u00bb250px||40px||false|false\u00a0\u00bb link_option_url=\u00a0\u00bb@ET-DC@eyJkeW5hbWljIjp0cnVlLCJjb250ZW50IjoicG9zdF9saW5rX3VybF9wYWdlIiwic2V0dGluZ3MiOnsicG9zdF9pZCI6Ijc4In19@\u00a0\u00bb global_colors_info=\u00a0\u00bb{}\u00a0\u00bb][et_pb_text _builder_version=\u00a0\u00bb4.27.4&Prime; _module_preset=\u00a0\u00bbdefault\u00a0\u00bb text_text_color=\u00a0\u00bb#000000&Prime; background_color=\u00a0\u00bbrgba(255,255,255,0.55)\u00a0\u00bb width=\u00a0\u00bb70%\u00a0\u00bb custom_padding=\u00a0\u00bb10px|10px|10px|10px|false|false\u00a0\u00bb global_colors_info=\u00a0\u00bb{}\u00a0\u00bb]<\/p>\n<p><span style=\"font-size: 12px; letter-spacing: 3px;\">HYDRA (GREECE)<\/span><br \/><span style=\"font-size: 22px; font-weight: 800 !important;\">O&rsquo;FRYNOS<\/span><\/p>\n<p>[\/et_pb_text][\/et_pb_column][et_pb_column type=\u00a0\u00bb1_2&Prime; _builder_version=\u00a0\u00bb4.27.4&Prime; _dynamic_attributes=\u00a0\u00bblink_option_url\u00a0\u00bb _module_preset=\u00a0\u00bbdefault\u00a0\u00bb background_image=\u00a0\u00bbhttps:\/\/www.ahomewithart.com\/wp-content\/uploads\/2025\/10\/A-Home-With-Art-Casa-Dolce_0646.jpg\u00a0\u00bb custom_padding=\u00a0\u00bb250px||40px||false|false\u00a0\u00bb link_option_url=\u00a0\u00bb@ET-DC@eyJkeW5hbWljIjp0cnVlLCJjb250ZW50IjoicG9zdF9saW5rX3VybF9wYWdlIiwic2V0dGluZ3MiOnsicG9zdF9pZCI6IjEyMyJ9fQ==@\u00a0\u00bb global_colors_info=\u00a0\u00bb{}\u00a0\u00bb][et_pb_text _builder_version=\u00a0\u00bb4.27.4&Prime; _module_preset=\u00a0\u00bbdefault\u00a0\u00bb text_text_color=\u00a0\u00bb#000000&Prime; background_color=\u00a0\u00bbrgba(255,255,255,0.55)\u00a0\u00bb width=\u00a0\u00bb70%\u00a0\u00bb custom_padding=\u00a0\u00bb10px|10px|10px|10px|false|false\u00a0\u00bb global_colors_info=\u00a0\u00bb{}\u00a0\u00bb]<\/p>\n<p><span style=\"font-size: 12px; letter-spacing: 3px;\">SAINT-BARTHELEMY (FRENCH ANTILLES)<\/span><br \/><span style=\"font-size: 22px; font-weight: 800 !important;\">CASA DOLCE<\/span><\/p>\n<p>[\/et_pb_text][\/et_pb_column][\/et_pb_row][et_pb_row column_structure=\u00a0\u00bb1_2,1_2&Prime; _builder_version=\u00a0\u00bb4.27.4&Prime; _module_preset=\u00a0\u00bbdefault\u00a0\u00bb width=\u00a0\u00bb100%\u00a0\u00bb max_width=\u00a0\u00bb1200px\u00a0\u00bb hover_enabled=\u00a0\u00bb0&Prime; global_colors_info=\u00a0\u00bb{}\u00a0\u00bb sticky_enabled=\u00a0\u00bb0&Prime;][et_pb_column type=\u00a0\u00bb1_2&Prime; disabled_on=\u00a0\u00bboff|off|off\u00a0\u00bb _builder_version=\u00a0\u00bb4.27.4&Prime; _dynamic_attributes=\u00a0\u00bblink_option_url\u00a0\u00bb _module_preset=\u00a0\u00bbdefault\u00a0\u00bb background_image=\u00a0\u00bbhttps:\/\/www.ahomewithart.com\/wp-content\/uploads\/2025\/10\/Venise-A-Home-With-Art-Cover-scaled.jpg\u00a0\u00bb custom_padding=\u00a0\u00bb250px||40px||false|false\u00a0\u00bb link_option_url=\u00a0\u00bb@ET-DC@eyJkeW5hbWljIjp0cnVlLCJjb250ZW50IjoicG9zdF9saW5rX3VybF9wYWdlIiwic2V0dGluZ3MiOnsicG9zdF9pZCI6IjI1MSJ9fQ==@\u00a0\u00bb hover_enabled=\u00a0\u00bb0&Prime; global_colors_info=\u00a0\u00bb{}\u00a0\u00bb sticky_enabled=\u00a0\u00bb0&Prime;][et_pb_text _builder_version=\u00a0\u00bb4.27.4&Prime; _module_preset=\u00a0\u00bbdefault\u00a0\u00bb text_text_color=\u00a0\u00bb#000000&Prime; background_color=\u00a0\u00bbrgba(255,255,255,0.55)\u00a0\u00bb width=\u00a0\u00bb70%\u00a0\u00bb custom_padding=\u00a0\u00bb10px|10px|10px|10px|false|false\u00a0\u00bb global_colors_info=\u00a0\u00bb{}\u00a0\u00bb]<span style=\"font-size: 12px; letter-spacing: 3px;\">VENICE (ITALY)<\/span><br \/>\n<span style=\"font-size: 22px; font-weight: 800 !important;\">PALAZZO SALVIATI<\/span>[\/et_pb_text][\/et_pb_column][et_pb_column type=\u00a0\u00bb1_2&Prime; _builder_version=\u00a0\u00bb4.27.4&Prime; _module_preset=\u00a0\u00bbdefault\u00a0\u00bb background_enable_image=\u00a0\u00bboff\u00a0\u00bb custom_padding=\u00a0\u00bb250px||40px||false|false\u00a0\u00bb global_colors_info=\u00a0\u00bb{}\u00a0\u00bb][et_pb_text _builder_version=\u00a0\u00bb4.27.4&Prime; _module_preset=\u00a0\u00bbdefault\u00a0\u00bb text_text_color=\u00a0\u00bb#000000&Prime; custom_margin=\u00a0\u00bb-221px|||||\u00a0\u00bb custom_margin_tablet=\u00a0\u00bb-221px|||||\u00a0\u00bb custom_margin_phone=\u00a0\u00bb-221px||||false|false\u00a0\u00bb custom_margin_last_edited=\u00a0\u00bbon|phone\u00a0\u00bb custom_padding=\u00a0\u00bb||||false|false\u00a0\u00bb custom_padding_tablet=\u00a0\u00bb||||false|false\u00a0\u00bb custom_padding_phone=\u00a0\u00bb|20px||20px|false|false\u00a0\u00bb custom_padding_last_edited=\u00a0\u00bbon|phone\u00a0\u00bb global_colors_info=\u00a0\u00bb{}\u00a0\u00bb]<\/p>\n<p style=\"text-align: justify;\"><b>A Home with Art<\/b><span style=\"font-weight: 400;\">\u00a0is a unique experience, where art and refinement come together in a sophisticated and welcoming setting. Each house has been designed as a showcase, carefully decorated and enhanced by unique works of art and objects that spark the imagination and invite you on a journey.<\/span><\/p>\n<p style=\"text-align: justify;\"><span style=\"font-weight: 400;\">The attention to detail and finishes gives each space an elegant and harmonious atmosphere. Large outdoor areas extend this experience, offering privileged places to relax and socialize, as pleasant in daylight as they are on balmy evenings.<\/span><\/p>\n<p style=\"text-align: justify;\"><span style=\"font-weight: 400;\">Located in exceptional locations, our homes open onto the horizon, revealing panoramic views of the sea of great beauty.<\/span><\/p>\n<p style=\"text-align: justify;\"><span style=\"font-weight: 400;\">Here, every moment becomes an encounter between the art of living, serenity, and inspiration.<\/span><\/p>\n<p>[\/et_pb_text][\/et_pb_column][\/et_pb_row][\/et_pb_section]<\/p>","protected":false},"excerpt":{"rendered":"<p>HYDRA (GR\u00c8CE)O&rsquo;FRYNOSSAINT-BARTH\u00c9LEMY (ANTILLES FRAN\u00c7AISES)CASA DOLCEVENISE (ITALIE) PALAZZO SALVIATIA Home with Art\u00a0est une exp\u00e9rience unique, o\u00f9 l\u2019art et le raffinement s\u2019invitent dans un cadre sophistiqu\u00e9 et chaleureux. Chaque maison a \u00e9t\u00e9 pens\u00e9e comme un \u00e9crin, soigneusement d\u00e9cor\u00e9e et sublim\u00e9e par des \u0153uvres et des objets singuliers, qui \u00e9veillent l\u2019imaginaire et invitent au voyage. Le soin apport\u00e9 [&hellip;]<\/p>","protected":false},"author":1,"featured_media":0,"parent":0,"menu_order":0,"comment_status":"closed","ping_status":"closed","template":"","meta":{"_et_pb_use_builder":"on","_et_pb_old_content":"","_et_gb_content_width":"","footnotes":""},"class_list":["post-82","page","type-page","status-publish","hentry"],"_links":{"self":[{"href":"https:\/\/www.ahomewithart.com\/en\/wp-json\/wp\/v2\/pages\/82","targetHints":{"allow":["GET"]}}],"collection":[{"href":"https:\/\/www.ahomewithart.com\/en\/wp-json\/wp\/v2\/pages"}],"about":[{"href":"https:\/\/www.ahomewithart.com\/en\/wp-json\/wp\/v2\/types\/page"}],"author":[{"embeddable":true,"href":"https:\/\/www.ahomewithart.com\/en\/wp-json\/wp\/v2\/users\/1"}],"replies":[{"embeddable":true,"href":"https:\/\/www.ahomewithart.com\/en\/wp-json\/wp\/v2\/comments?post=82"}],"version-history":[{"count":49,"href":"https:\/\/www.ahomewithart.com\/en\/wp-json\/wp\/v2\/pages\/82\/revisions"}],"predecessor-version":[{"id":385,"href":"https:\/\/www.ahomewithart.com\/en\/wp-json\/wp\/v2\/pages\/82\/revisions\/385"}],"wp:attachment":[{"href":"https:\/\/www.ahomewithart.com\/en\/wp-json\/wp\/v2\/media?parent=82"}],"curies":[{"name":"wp","href":"https:\/\/api.w.org\/{rel}","templated":true}]}}